{"id":9,"date":"2019-12-28T09:36:54","date_gmt":"2019-12-28T09:36:54","guid":{"rendered":"http:\/\/tennisclub-gaenserndorf.at\/?page_id=9"},"modified":"2026-04-19T06:34:30","modified_gmt":"2026-04-19T06:34:30","slug":"tarife","status":"publish","type":"page","link":"https:\/\/tennisclub-gaenserndorf.at\/?page_id=9","title":{"rendered":"Mitgliedschaft"},"content":{"rendered":"\n<p>Hier findest du alle Informationen zu den <a href=\"#tarife\">Tarifen<\/a>, dem <a href=\"#training\">Traininsgangebot<\/a> und einen <a href=\"#leitfaden\">Leitfaden f\u00fcr neue Mitglieder<\/a>. <\/p>\n\n\n\n<hr class=\"wp-block-separator has-css-opacity\"\/>\n\n\n\n<h2 class=\"wp-block-heading\" id=\"tarife\">Tarife<\/h2>\n\n\n\n<figure class=\"wp-block-table is-style-stripes\"><table class=\"has-fixed-layout\"><tbody><tr><td>Jugendliche bis 18 Jahre Jahrgang 2008<\/td><td class=\"has-text-align-right\" data-align=\"right\">\u20ac 55<\/td><\/tr><tr><td>Studenten bis 24 Jahre, Jahrgang 2002<\/td><td class=\"has-text-align-right\" data-align=\"right\">\u20ac 110<\/td><\/tr><tr><td>Erwachsene<\/td><td class=\"has-text-align-right\" data-align=\"right\">\u20ac 190<\/td><\/tr><tr><td>Familienkarte (Ehepartner und Kinder bis 10 Jahre, Jahrg 2016)<\/td><td class=\"has-text-align-right\" data-align=\"right\">\u20ac 380<\/td><\/tr><tr><td>Schnupper Saisonkarte Erw. (Nur f\u00fcr neue Mitglieder und erste Saison, danach Normalpreis)<\/td><td class=\"has-text-align-right\" data-align=\"right\">\u20ac 95<\/td><\/tr><tr><td>Schnupper Saisonkarte Kind bis 10 Jahre, Jahrg 2016 (Nur f\u00fcr neue Mitglieder und erste Saison, danach Normalpreis)<\/td><td class=\"has-text-align-right\" data-align=\"right\">\u20ac 25<\/td><\/tr><tr><td>Stundenkarte pro Platz <\/td><td class=\"has-text-align-right\" data-align=\"right\">\u20ac 12<\/td><\/tr><tr><td>Garderobenkasten je Saison <\/td><td class=\"has-text-align-right\" data-align=\"right\">\u20ac 10<\/td><\/tr><tr><td>Schl\u00fcsseleinsatz f\u00fcr WC, Garderobe, Dusche <\/td><td class=\"has-text-align-right\" data-align=\"right\">\u20ac 55<\/td><\/tr><tr><td>Schl\u00fcsseleinsatz f\u00fcr Flutlicht <\/td><td class=\"has-text-align-right\" data-align=\"right\">\u20ac 25<\/td><\/tr><\/tbody><\/table><\/figure>\n\n\n\n<p>Mit den oben angef\u00fchrten Tarifen wird nur der 1\/2 Platz bezahlt. Sie k\u00f6nnen daher nur mit einem Saisonkartenbesitzer unsere Pl\u00e4tze benutzen! F\u00fcr mitgebrachte G\u00e4ste ( 3x pro Saison ) sind \u20ac 6,&#8211; (1\/2 Platz) im Tennisplatzklubhaus (eigene Kasse) oder bei unserem Trainer zu bezahlen. Eventuelle Platzsperren oder notwendige Stundenverschiebungen etc. entnehmen Sie bitte den Ank\u00fcndigungen im Anschlagkasten neben dem Platzeingang oder http:\/\/www.tennisclub-gaenserndorf.at <\/p>\n\n\n\n<hr class=\"wp-block-separator has-css-opacity\"\/>\n\n\n\n<h2 class=\"wp-block-heading\" id=\"training\">Trainingsangebot<\/h2>\n\n\n\n<p>Harald Burghardt: 0650\/3202804, h.burghardt@kabsi.at<br>Tennisschule Tennisfreaks: 0660\/4903019, office@tennisfreaks.at<\/p>\n\n\n\n<hr class=\"wp-block-separator has-alpha-channel-opacity\"\/>\n\n\n\n<h2 class=\"wp-block-heading\" id=\"leitfaden\">Leitfaden f\u00fcr neue Mitglieder<\/h2>\n\n\n\n<p>Wir freuen uns sehr, dass du dich f\u00fcr eine Mitgliedschaft beim TC G\u00e4nserndorf entschieden hast! Im Folgenden findest du die wichtigsten Informationen f\u00fcr deinen Start bei uns, inklusive der jeweiligen Ansprechpersonen f\u00fcr weitere Fragen.<\/p>\n\n\n\n<div style=\"height:21px\" aria-hidden=\"true\" class=\"wp-block-spacer\"><\/div>\n\n\n\n<h3 class=\"wp-block-heading\">Mitgliedsbeitrag<\/h3>\n\n\n\n<p>Nach dem Ausf\u00fcllen des Stammdatenblatts erh\u00e4ltst du eine E-Mail mit der Zahlungsanweisung f\u00fcr den diesj\u00e4hrigen Mitgliedsbeitrag. Wir bitten dich, die \u00dcberweisung zeitnah durchzuf\u00fchren<br>Kontakt: Robert Bohrn, r.bohrn@kabsi.at<\/p>\n\n\n\n<div style=\"height:21px\" aria-hidden=\"true\" class=\"wp-block-spacer\"><\/div>\n\n\n\n<h3 class=\"wp-block-heading\">Vereinsplaner<\/h3>\n\n\n\n<div class=\"wp-block-media-text has-media-on-the-right is-stacked-on-mobile\" style=\"grid-template-columns:auto 28%\"><div class=\"wp-block-media-text__content\">\n<p>Die Vereinskommunikation (Ank\u00fcndigungen, News, wichtige Termine, \u2026) erfolgt ausschlie\u00dflich \u00fcber die App Vereinsplaner. Du erh\u00e4ltst dazu eine Einladung per EMail \u2013 bitte folge dieser, um immer auf dem aktuellen Stand zu bleiben.<br>Kontakt: G\u00fcnter Schweigler, guenter.schweigler@outlook.com<br>Link: <a href=\"https:\/\/app.vereinsplaner.at\/\" target=\"_blank\" rel=\"noreferrer noopener\">app.vereinsplaner.at<\/a><\/p>\n<\/div><figure class=\"wp-block-media-text__media\"><a href=\"https:\/\/app.vereinsplaner.at\/\" target=\"_blank\" rel=\" noreferrer noopener\"><img loading=\"lazy\" decoding=\"async\" width=\"400\" height=\"400\" src=\"https:\/\/tennisclub-gaenserndorf.at\/wp-content\/uploads\/2026\/04\/vereinsplaner-logo.png\" alt=\"\" class=\"wp-image-1463 size-full\" srcset=\"https:\/\/tennisclub-gaenserndorf.at\/wp-content\/uploads\/2026\/04\/vereinsplaner-logo.png 400w, https:\/\/tennisclub-gaenserndorf.at\/wp-content\/uploads\/2026\/04\/vereinsplaner-logo-300x300.png 300w, https:\/\/tennisclub-gaenserndorf.at\/wp-content\/uploads\/2026\/04\/vereinsplaner-logo-150x150.png 150w\" sizes=\"auto, (max-width: 400px) 100vw, 400px\" \/><\/a><\/figure><\/div>\n\n\n\n<div style=\"height:21px\" aria-hidden=\"true\" class=\"wp-block-spacer\"><\/div>\n\n\n\n<h3 class=\"wp-block-heading\">Reservierungssystem<\/h3>\n\n\n\n<div class=\"wp-block-media-text is-stacked-on-mobile\" style=\"grid-template-columns:22% auto\"><figure class=\"wp-block-media-text__media\"><a href=\"https:\/\/mysporti.app\/?club=323031393132323931323137353431313233\" target=\"_blank\" rel=\" noreferrer noopener\"><img loading=\"lazy\" decoding=\"async\" width=\"128\" height=\"128\" src=\"http:\/\/tennisclub-gaenserndorf.at\/wp-content\/uploads\/2026\/04\/logo_rund.RECHNUNG.png\" alt=\"\" class=\"wp-image-1460 size-full\"\/><\/a><\/figure><div class=\"wp-block-media-text__content\">\n<p>Der Spielbetrieb auf unseren 7 Pl\u00e4tzen ist t\u00e4glich bis 22:00 Uhr m\u00f6glich (auf 3 Pl\u00e4tzen mit Flutlicht). Die Pl\u00e4tze m\u00fcssen vorab \u00fcber das Reservierungssystem mySporti gebucht werden. Dabei k\u00f6nnen maximal 2 Stunden im Voraus reserviert werden. Die Zugangsdaten dazu erh\u00e4ltst du per E-Mail.<br>Jeden Freitag ab 17:00 Uhr findet zudem unser Tennistreff statt \u2013 einfach vorbeikommen und mitspielen!<br>Kontakt: Robert Bohrn, r.bohrn@kabsi.at<br>Link: <a href=\"https:\/\/mysporti.app\/?club=323031393132323931323137353431313233\" target=\"_blank\" rel=\"noreferrer noopener\">mysporti.app<\/a><\/p>\n<\/div><\/div>\n\n\n\n<div style=\"height:21px\" aria-hidden=\"true\" class=\"wp-block-spacer\"><\/div>\n\n\n\n<h3 class=\"wp-block-heading\">Forderungspyramide<\/h3>\n\n\n\n<p>Im Rahmen der Forderungspyramide k\u00f6nnen sich alle Mitglieder j\u00e4hrlich miteinander messen, spannende Matches spielen und attraktive Preise gewinnen.<br>Kontakt: Florian B\u00f6hm, florianboehm@gmx.at<br><\/p>\n\n\n\n<div style=\"height:21px\" aria-hidden=\"true\" class=\"wp-block-spacer\"><\/div>\n\n\n\n<hr class=\"wp-block-separator has-alpha-channel-opacity\"\/>\n\n\n\n<p>Wir freuen uns auf eine tolle gemeinsame Zeit beim TC G\u00e4nserndorf!<br><\/p>\n","protected":false},"excerpt":{"rendered":"<p>Hier findest du alle Informationen zu den Tarifen, dem Traininsgangebot und einen Leitfaden f\u00fcr neue Mitglieder. Tarife Jugendliche bis 18 Jahre Jahrgang 2008 \u20ac 55 Studenten bis 24 Jahre, Jahrgang 2002 \u20ac 110 Erwachsene \u20ac 190 Familienkarte (Ehepartner und Kinder bis 10 Jahre, Jahrg 2016) \u20ac 380 Schnupper Saisonkarte Erw. (Nur f\u00fcr neue Mitglieder und [&hellip;]<\/p>\n","protected":false},"author":1,"featured_media":0,"parent":0,"menu_order":0,"comment_status":"closed","ping_status":"closed","template":"","meta":{"footnotes":""},"class_list":["post-9","page","type-page","status-publish","hentry"],"_links":{"self":[{"href":"https:\/\/tennisclub-gaenserndorf.at\/index.php?rest_route=\/wp\/v2\/pages\/9","targetHints":{"allow":["GET"]}}],"collection":[{"href":"https:\/\/tennisclub-gaenserndorf.at\/index.php?rest_route=\/wp\/v2\/pages"}],"about":[{"href":"https:\/\/tennisclub-gaenserndorf.at\/index.php?rest_route=\/wp\/v2\/types\/page"}],"author":[{"embeddable":true,"href":"https:\/\/tennisclub-gaenserndorf.at\/index.php?rest_route=\/wp\/v2\/users\/1"}],"replies":[{"embeddable":true,"href":"https:\/\/tennisclub-gaenserndorf.at\/index.php?rest_route=%2Fwp%2Fv2%2Fcomments&post=9"}],"version-history":[{"count":31,"href":"https:\/\/tennisclub-gaenserndorf.at\/index.php?rest_route=\/wp\/v2\/pages\/9\/revisions"}],"predecessor-version":[{"id":1466,"href":"https:\/\/tennisclub-gaenserndorf.at\/index.php?rest_route=\/wp\/v2\/pages\/9\/revisions\/1466"}],"wp:attachment":[{"href":"https:\/\/tennisclub-gaenserndorf.at\/index.php?rest_route=%2Fwp%2Fv2%2Fmedia&parent=9"}],"curies":[{"name":"wp","href":"https:\/\/api.w.org\/{rel}","templated":true}]}}